{"id":519,"date":"2021-05-20T17:03:12","date_gmt":"2021-05-20T15:03:12","guid":{"rendered":"http:\/\/hsupport.lohelectronics.se\/?page_id=519"},"modified":"2023-05-04T08:15:37","modified_gmt":"2023-05-04T06:15:37","slug":"skapa-garantiarende","status":"publish","type":"page","link":"https:\/\/hsupport.lohelectronics.se\/index.php\/skapa-garantiarende\/","title":{"rendered":"Garanti"},"content":{"rendered":"\n<p>Utrustning fr\u00e5n Loh Electronics AB har 2 \u00e5rs garanti oavsett vem det \u00e4r som k\u00f6pt produkten. S\u00e5 l\u00e4nge det g\u00e5r att visa ett giltigt kvitto s\u00e5 kan vi vidta \u00e5tg\u00e4rd. \u00c5tg\u00e4rden baseras p\u00e5 hur l\u00e5ng tid som passerat fr\u00e5n ink\u00f6psdatum.<\/p>\n\n\n\n<p>Garanti\u00e4rende kommer att st\u00e4llas mot f\u00f6retaget som du k\u00f6pt produkten av. K\u00f6ps den direkt av Loh Electronics AB s\u00e5 ska du prata med oss. Om produkt kommer fr\u00e5n n\u00e5gon \u00e5terf\u00f6rs\u00e4ljare s\u00e5 f\u00e5r ni ta kontakt med dem f\u00f6r att komma p\u00e5 en l\u00f6sning. V\u00e5r aff\u00e4r g\u00e4ller mot \u00e5terf\u00f6rs\u00e4ljaren inte slutkund.<\/p>\n\n\n\n<h3 class=\"wp-block-heading\">Garanti kommer endast godk\u00e4nnas om<\/h3>\n\n\n\n<ol class=\"wp-block-list\" type=\"1\"><li>Kvitto finns att visa<\/li><li>Kvitto m\u00e5ste vara inom 2 \u00e5r fr\u00e5n ink\u00f6psdagen<\/li><li>Garantiformul\u00e4r m\u00e5ste fyllas i och skickas in<\/li><\/ol>\n\n\n\n<h3 class=\"wp-block-heading\">Garanti \u00e4r f\u00f6rbrukad om<\/h3>\n\n\n\n<ol class=\"wp-block-list\" type=\"1\"><li>Produkt \u00e4r vatten eller fuktskadad<\/li><li>Om f\u00f6rsegling bryts<\/li><li>System har blivit manipulerat med fj\u00e4rrbrytare eller annat<\/li><li>Det g\u00e5r att tydligt se att systemet skadat f\u00f6r hand<\/li><\/ol>\n\n\n\n<p><\/p>\n\n\n\n<p>F\u00f6r att komma ig\u00e5ng med \u00e4rendet s\u00e5 ska ni fylla i ett formul\u00e4r som ni kan hitta h\u00e4r<\/p>\n\n\n\n<h2 class=\"wp-block-heading\">Skapa ett garanti\u00e4rende<\/h2>\n\n\n\n<div class=\"forminator-guttenberg\"><div class=\"forminator-ui forminator-custom-form forminator-custom-form-518 forminator-design--flat  forminator_ajax\" data-forminator-render=\"0\" data-form=\"forminator-module-518\" data-uid=\"69ef61df7d8b5\"><br\/><\/div><form\n\t\t\t\tid=\"forminator-module-518\"\n\t\t\t\tclass=\"forminator-ui forminator-custom-form forminator-custom-form-518 forminator-design--flat  forminator_ajax\"\n\t\t\t\tmethod=\"post\"\n\t\t\t\tdata-forminator-render=\"0\"\n\t\t\t\tdata-form-id=\"518\"\n\t\t\t\t\n\t\t\t\tdata-design=\"flat\"\n\t\t\t\tdata-color-option=\"default\"\n\t\t\t\t\n\t\t\t\t\n\t\t\t\t\n\t\t\t\tdata-grid=\"open\"\n\t\t\t\t\n\t\t\t\t\n\t\t\t\tstyle=\"display: none;\"\n\t\t\t\t\n\t\t\t\tdata-uid=\"69ef61df7d8b5\"\n\t\t\t><div role=\"alert\" aria-live=\"polite\" class=\"forminator-response-message forminator-error\" aria-hidden=\"true\"><\/div><div class=\"forminator-row\"><div id=\"name-1\" class=\"forminator-field-name forminator-col forminator-col-6 \"><div class=\"forminator-field\"><label for=\"forminator-field-name-1_69ef61df7d8b5\" id=\"forminator-field-name-1_69ef61df7d8b5-label\" class=\"forminator-label\">Ditt namn <span class=\"forminator-required\">*<\/span><\/label><input type=\"text\" name=\"name-1\" value=\"\" placeholder=\"Namn Namnsson\" id=\"forminator-field-name-1_69ef61df7d8b5\" class=\"forminator-input forminator-name--field\" aria-required=\"true\" \/><\/div><\/div><div id=\"phone-1\" class=\"forminator-field-phone forminator-col forminator-col-6 \"><div class=\"forminator-field\"><label for=\"forminator-field-phone-1_69ef61df7d8b5\" id=\"forminator-field-phone-1_69ef61df7d8b5-label\" class=\"forminator-label\">Mobilnummer<\/label><input type=\"text\" name=\"phone-1\" value=\"\" placeholder=\"+46701234567\" id=\"forminator-field-phone-1_69ef61df7d8b5\" class=\"forminator-input forminator-field--phone\" data-required=\"\" aria-required=\"false\" autocomplete=\"off\" \/><\/div><\/div><\/div><div class=\"forminator-row\"><div id=\"text-4\" class=\"forminator-field-text forminator-col forminator-col-6 \"><div class=\"forminator-field\"><label for=\"forminator-field-text-4_69ef61df7d8b5\" id=\"forminator-field-text-4_69ef61df7d8b5-label\" class=\"forminator-label\">Adress<\/label><input type=\"text\" name=\"text-4\" value=\"\" placeholder=\"Din adress\" id=\"forminator-field-text-4_69ef61df7d8b5\" class=\"forminator-input forminator-name--field\" data-required=\"\" \/><\/div><\/div><div id=\"text-5\" class=\"forminator-field-text forminator-col forminator-col-6 \"><div class=\"forminator-field\"><label for=\"forminator-field-text-5_69ef61df7d8b5\" id=\"forminator-field-text-5_69ef61df7d8b5-label\" class=\"forminator-label\">Postnummer<\/label><input type=\"text\" name=\"text-5\" value=\"\" placeholder=\"Ditt postnummer\" id=\"forminator-field-text-5_69ef61df7d8b5\" class=\"forminator-input forminator-name--field\" data-required=\"\" \/><\/div><\/div><\/div><div class=\"forminator-row\"><div id=\"email-1\" class=\"forminator-field-email forminator-col forminator-col-6 \"><div class=\"forminator-field\"><label for=\"forminator-field-email-1_69ef61df7d8b5\" id=\"forminator-field-email-1_69ef61df7d8b5-label\" class=\"forminator-label\">E-postadress <span class=\"forminator-required\">*<\/span><\/label><input type=\"email\" name=\"email-1\" value=\"\" placeholder=\"john@doe.com\" id=\"forminator-field-email-1_69ef61df7d8b5\" class=\"forminator-input forminator-email--field\" data-required=\"true\" aria-required=\"true\" \/><\/div><\/div><div id=\"text-2\" class=\"forminator-field-text forminator-col forminator-col-6 \"><div class=\"forminator-field\"><label for=\"forminator-field-text-2_69ef61df7d8b5\" id=\"forminator-field-text-2_69ef61df7d8b5-label\" class=\"forminator-label\">Ordernummer<\/label><input type=\"text\" name=\"text-2\" value=\"\" placeholder=\"234567\" id=\"forminator-field-text-2_69ef61df7d8b5\" class=\"forminator-input forminator-name--field\" data-required=\"\" \/><\/div><\/div><\/div><div class=\"forminator-row\"><div id=\"text-3\" class=\"forminator-field-text forminator-col forminator-col-6 \"><div class=\"forminator-field\"><label for=\"forminator-field-text-3_69ef61df7d8b5\" id=\"forminator-field-text-3_69ef61df7d8b5-label\" class=\"forminator-label\">Registreringsnummer<\/label><input type=\"text\" name=\"text-3\" value=\"\" placeholder=\"ABC123\" id=\"forminator-field-text-3_69ef61df7d8b5\" class=\"forminator-input forminator-name--field\" data-required=\"\" maxlength=\"6\" \/><span id=\"forminator-field-text-3_69ef61df7d8b5-description\" class=\"forminator-description\"><span data-limit=\"6\" data-type=\"characters\">0 \/ 6<\/span><\/span><\/div><\/div><div id=\"text-1\" class=\"forminator-field-text forminator-col forminator-col-6 \"><div class=\"forminator-field\"><label for=\"forminator-field-text-1_69ef61df7d8b5\" id=\"forminator-field-text-1_69ef61df7d8b5-label\" class=\"forminator-label\">Serienummer<\/label><input type=\"text\" name=\"text-1\" value=\"\" placeholder=\"S\/N123456\" id=\"forminator-field-text-1_69ef61df7d8b5\" class=\"forminator-input forminator-name--field\" data-required=\"\" \/><\/div><\/div><\/div><div class=\"forminator-row\"><div id=\"select-1\" class=\"forminator-field-select forminator-col forminator-col-12 \"><div class=\"forminator-field\"><label for=\"forminator-form-518__field--select-1_69ef61df7d8b5\" id=\"forminator-form-518__field--select-1_69ef61df7d8b5-label\" class=\"forminator-label\">V\u00e4lj produkt<\/label><select  id=\"forminator-form-518__field--select-1_69ef61df7d8b5\" class=\"forminator-select--field forminator-select2 forminator-select2-multiple\" data-required=\"\" name=\"select-1\" data-default-value=\"\" data-placeholder=\"V\u00e4lj vilken produkt \u00e4rendet g\u00e4ller\" data-search=\"false\" data-search-placeholder=\"V\u00e4lj vilken produkt \u00e4rendet g\u00e4ller\" data-checkbox=\"false\" data-allow-clear=\"false\" aria-labelledby=\"forminator-form-518__field--select-1_69ef61df7d8b5-label\"><option value=\"\"  >V\u00e4lj vilken produkt \u00e4rendet g\u00e4ller<\/option><option value=\"hversion\"  data-calculation=\"0\">H-Version<\/option><option value=\"appsensor\"  data-calculation=\"0\">App-sensor<\/option><option value=\"hcan\"  data-calculation=\"0\">H-CAN<\/option><option value=\"absfrstrkare\"  data-calculation=\"0\">ABS-f\u00f6rst\u00e4rkare<\/option><\/select><\/div><\/div><\/div><div class=\"forminator-row\"><div id=\"textarea-1\" class=\"forminator-field-textarea forminator-col forminator-col-12 \"><div class=\"forminator-field\"><label for=\"forminator-field-textarea-1_69ef61df7d8b5\" id=\"forminator-field-textarea-1_69ef61df7d8b5-label\" class=\"forminator-label\">F\u00f6rklaring<\/label><textarea name=\"textarea-1\" placeholder=\"F\u00f6rklara ditt \u00e4rende v\u00e4l\" id=\"forminator-field-textarea-1_69ef61df7d8b5\" class=\"forminator-textarea\" rows=\"6\" style=\"min-height:140px;\" maxlength=\"500\" ><\/textarea><span id=\"forminator-field-textarea-1_69ef61df7d8b5-description\" class=\"forminator-description\"><span data-limit=\"500\" data-type=\"characters\" data-editor=\"\">0 \/ 500<\/span><\/span><\/div><\/div><\/div><div class=\"forminator-row\"><div id=\"captcha-1\" class=\"forminator-field-captcha forminator-col forminator-col-12 \"><div class=\"forminator-captcha-left forminator-g-recaptcha recaptcha-invisible\" data-theme=\"light\" data-badge=\"inline\" data-sitekey=\"6Lf-pLQiAAAAAON2xmEz5TGM-bgXan7KarCDgcwT\" data-size=\"invisible\"><\/div> <\/div><\/div><input type=\"hidden\" name=\"referer_url\" value=\"\" \/><div class=\"forminator-row forminator-row-last\"><div class=\"forminator-col\"><div class=\"forminator-field\"><button class=\"forminator-button forminator-button-submit\">Skicka anm&auml;lan<\/button><\/div><\/div><\/div><input type=\"hidden\" id=\"forminator_nonce\" name=\"forminator_nonce\" value=\"210e41c26e\" \/><input type=\"hidden\" name=\"_wp_http_referer\" value=\"\/index.php\/wp-json\/wp\/v2\/pages\/519\" \/><input type=\"hidden\" name=\"form_id\" value=\"518\"><input type=\"hidden\" name=\"page_id\" value=\"519\"><input type=\"hidden\" name=\"form_type\" value=\"default\"><input type=\"hidden\" name=\"current_url\" value=\"https:\/\/hsupport.lohelectronics.se\/index.php\/skapa-garantiarende\/\"><input type=\"hidden\" name=\"render_id\" value=\"0\"><input type=\"hidden\" name=\"action\" value=\"forminator_submit_form_custom-forms\"><label for=\"input_11\" class=\"forminator-hidden\" aria-hidden=\"true\">Please do not fill in this field. <input id=\"input_11\" type=\"text\" name=\"input_11\" value=\"\" autocomplete=\"off\"><\/label><\/form><\/div>\n","protected":false},"excerpt":{"rendered":"<p>Utrustning fr\u00e5n Loh Electronics AB har 2 \u00e5rs garanti oavsett vem det \u00e4r som k\u00f6pt produkten. S\u00e5 l\u00e4nge det g\u00e5r att visa ett giltigt kvitto s\u00e5 kan vi vidta \u00e5tg\u00e4rd. \u00c5tg\u00e4rden baseras p\u00e5 hur l\u00e5ng tid som passerat fr\u00e5n ink\u00f6psdatum. Garanti\u00e4rende kommer att st\u00e4llas mot f\u00f6retaget som du k\u00f6pt produkten av. K\u00f6ps den direkt av [&hellip;]<\/p>\n","protected":false},"author":4,"featured_media":0,"parent":0,"menu_order":0,"comment_status":"closed","ping_status":"closed","template":"","meta":{"_monsterinsights_skip_tracking":false,"_monsterinsights_sitenote_active":false,"_monsterinsights_sitenote_note":"","_monsterinsights_sitenote_category":0,"footnotes":""},"class_list":["post-519","page","type-page","status-publish","hentry"],"_links":{"self":[{"href":"https:\/\/hsupport.lohelectronics.se\/index.php\/wp-json\/wp\/v2\/pages\/519","targetHints":{"allow":["GET"]}}],"collection":[{"href":"https:\/\/hsupport.lohelectronics.se\/index.php\/wp-json\/wp\/v2\/pages"}],"about":[{"href":"https:\/\/hsupport.lohelectronics.se\/index.php\/wp-json\/wp\/v2\/types\/page"}],"author":[{"embeddable":true,"href":"https:\/\/hsupport.lohelectronics.se\/index.php\/wp-json\/wp\/v2\/users\/4"}],"replies":[{"embeddable":true,"href":"https:\/\/hsupport.lohelectronics.se\/index.php\/wp-json\/wp\/v2\/comments?post=519"}],"version-history":[{"count":7,"href":"https:\/\/hsupport.lohelectronics.se\/index.php\/wp-json\/wp\/v2\/pages\/519\/revisions"}],"predecessor-version":[{"id":1850,"href":"https:\/\/hsupport.lohelectronics.se\/index.php\/wp-json\/wp\/v2\/pages\/519\/revisions\/1850"}],"wp:attachment":[{"href":"https:\/\/hsupport.lohelectronics.se\/index.php\/wp-json\/wp\/v2\/media?parent=519"}],"curies":[{"name":"wp","href":"https:\/\/api.w.org\/{rel}","templated":true}]}}