{"id":486,"date":"2021-05-12T09:58:01","date_gmt":"2021-05-12T07:58:01","guid":{"rendered":"https:\/\/hsupport.lohelectronics.se\/?page_id=486"},"modified":"2026-03-13T09:51:10","modified_gmt":"2026-03-13T07:51:10","slug":"vad-ska-du-installera","status":"publish","type":"page","link":"https:\/\/hsupport.lohelectronics.se\/","title":{"rendered":"Vad ska du installera?"},"content":{"rendered":"\n<div class=\"wp-block-media-text alignwide is-stacked-on-mobile\" style=\"grid-template-columns:23% auto\"><figure class=\"wp-block-media-text__media\"><img loading=\"lazy\" decoding=\"async\" width=\"800\" height=\"600\" src=\"https:\/\/hsupport.lohelectronics.se\/wp-content\/uploads\/2025\/08\/new_red_03_164_Front_angle-800x600-1.jpg\" alt=\"\" class=\"wp-image-8104 size-full\"\/><\/figure><div class=\"wp-block-media-text__content\">\n<h3 class=\"wp-block-heading\">Varvtalsregulator H-Version \/ H-REG<\/h3>\n\n\n\n<p>Artikelnummer: 03-164<\/p>\n\n\n\n<div class=\"wp-block-buttons is-layout-flex wp-block-buttons-is-layout-flex\">\n<div class=\"wp-block-button is-style-fill\"><a class=\"wp-block-button__link wp-element-button\" href=\"http:\/\/hsupport.lohelectronics.se\/index.php\/docs\/anvisning-varvtalsregulator-h-version\/\"><strong>G\u00e5 till manual<\/strong><\/a><\/div>\n\n\n\n<div class=\"wp-block-button is-style-outline is-style-outline--1\"><a class=\"wp-block-button__link wp-element-button\" href=\"https:\/\/hsupport.lohelectronics.se\/index.php\/docs-category\/koppling-h-reg\/\"><strong>Kopplingsschema<\/strong><\/a><\/div>\n\n\n\n<div class=\"wp-block-button is-style-outline is-style-outline--2\"><a class=\"wp-block-button__link wp-element-button\" href=\"https:\/\/hsupport.lohelectronics.se\/index.php\/docs\/kopplingsschema-tandspole-h-reg-v2\/\"><strong>Kopplingsschema H-REG V2<\/strong><\/a><\/div>\n<\/div>\n<\/div><\/div>\n\n\n\n<hr class=\"wp-block-separator has-css-opacity\"\/>\n\n\n\n<div class=\"wp-block-media-text alignwide is-stacked-on-mobile\" style=\"grid-template-columns:23% auto\"><figure class=\"wp-block-media-text__media\"><img loading=\"lazy\" decoding=\"async\" width=\"800\" height=\"600\" src=\"https:\/\/hsupport.lohelectronics.se\/wp-content\/uploads\/2025\/08\/new_red_03_140_Gen_Front_angle-800x600-1.jpg\" alt=\"\" class=\"wp-image-8105 size-full\"\/><\/figure><div class=\"wp-block-media-text__content\">\n<h3 class=\"wp-block-heading\">Hastighetsregulator H-CAN<\/h3>\n\n\n\n<p>Artikelnummer: 03-140<\/p>\n\n\n\n<div class=\"wp-block-buttons is-layout-flex wp-block-buttons-is-layout-flex\">\n<div class=\"wp-block-button is-style-fill\"><a class=\"wp-block-button__link wp-element-button\" href=\"http:\/\/hsupport.lohelectronics.se\/index.php\/docs\/anvisning-hastighetsregulator-h-can-03-140\/\"><strong>G\u00e5 till manual<\/strong><\/a><\/div>\n<\/div>\n<\/div><\/div>\n\n\n\n<hr class=\"wp-block-separator has-css-opacity\"\/>\n\n\n\n<div class=\"wp-block-media-text alignwide is-stacked-on-mobile\" style=\"grid-template-columns:24% auto\"><figure class=\"wp-block-media-text__media\"><img loading=\"lazy\" decoding=\"async\" width=\"800\" height=\"600\" src=\"https:\/\/hsupport.lohelectronics.se\/wp-content\/uploads\/2025\/08\/new_red_03_140_Gen_Front_angle-800x600-2.jpg\" alt=\"\" class=\"wp-image-8106 size-full\"\/><\/figure><div class=\"wp-block-media-text__content\">\n<h3 class=\"wp-block-heading\">Hastighetsregulator H-CAN Volvo<\/h3>\n\n\n\n<p>Artikelnummer: 03-140<\/p>\n\n\n\n<div class=\"wp-block-buttons is-layout-flex wp-block-buttons-is-layout-flex\">\n<div class=\"wp-block-button is-style-fill\"><a class=\"wp-block-button__link wp-element-button\" href=\"http:\/\/hsupport.lohelectronics.se\/index.php\/docs\/anvisning-h-can-volvo-03-140\/\"><strong>G\u00e5 till manual<\/strong><\/a><\/div>\n<\/div>\n<\/div><\/div>\n\n\n\n<hr class=\"wp-block-separator has-css-opacity\"\/>\n\n\n\n<div class=\"wp-block-media-text alignwide is-stacked-on-mobile\" style=\"grid-template-columns:22% auto\"><figure class=\"wp-block-media-text__media\"><img loading=\"lazy\" decoding=\"async\" width=\"800\" height=\"600\" src=\"http:\/\/hsupport.lohelectronics.se\/wp-content\/uploads\/2021\/05\/03_170_ny-800x600-1.jpg\" alt=\"\" class=\"wp-image-497 size-full\"\/><\/figure><div class=\"wp-block-media-text__content\">\n<h3 class=\"wp-block-heading\">APP-Sensor Gaspedalsstyrning<\/h3>\n\n\n\n<p>Artikelnummer: 03-170<\/p>\n\n\n\n<div class=\"wp-block-buttons is-layout-flex wp-block-buttons-is-layout-flex\">\n<div class=\"wp-block-button is-style-fill\"><a class=\"wp-block-button__link wp-element-button\" href=\"http:\/\/hsupport.lohelectronics.se\/index.php\/docs\/anvisning-app-sensor-03-170\/\"><strong>G\u00e5 till manual<\/strong><\/a><\/div>\n\n\n\n<div class=\"wp-block-button is-style-outline is-style-outline--3\"><a class=\"wp-block-button__link wp-element-button\" href=\"http:\/\/hsupport.lohelectronics.se\/index.php\/docs\/kopplingsschema-gaspedal\/\"><strong>Kopplingsschema<\/strong><\/a><\/div>\n<\/div>\n<\/div><\/div>\n\n\n\n<hr class=\"wp-block-separator has-css-opacity\"\/>\n\n\n\n<div class=\"wp-block-media-text alignwide is-stacked-on-mobile\" style=\"grid-template-columns:23% auto\"><figure class=\"wp-block-media-text__media\"><img loading=\"lazy\" decoding=\"async\" width=\"800\" height=\"600\" src=\"http:\/\/hsupport.lohelectronics.se\/wp-content\/uploads\/2021\/05\/03_170_Volvo-800x600-1.jpg\" alt=\"\" class=\"wp-image-498 size-full\"\/><\/figure><div class=\"wp-block-media-text__content\">\n<h3 class=\"wp-block-heading\">APP-Sensor Gaspedalsstyrning Volvo<\/h3>\n\n\n\n<p>Artikelnummer: 03-170-Volvo<\/p>\n\n\n\n<div class=\"wp-block-buttons is-layout-flex wp-block-buttons-is-layout-flex\">\n<div class=\"wp-block-button is-style-fill\"><a class=\"wp-block-button__link wp-element-button\" href=\"http:\/\/hsupport.lohelectronics.se\/index.php\/docs\/anvisning-app-sensor-volvo-03-170-volvo\/\"><strong>G\u00e5 till manual<\/strong><\/a><\/div>\n\n\n\n<div class=\"wp-block-button is-style-outline is-style-outline--4\"><a class=\"wp-block-button__link wp-element-button\" href=\"http:\/\/hsupport.lohelectronics.se\/index.php\/docs\/kopplingsschema-gaspedal-volvo\/\"><strong>Kopplingsschema<\/strong><\/a><\/div>\n<\/div>\n<\/div><\/div>\n\n\n\n<hr class=\"wp-block-separator has-css-opacity\"\/>\n\n\n\n<div class=\"wp-block-media-text alignwide is-stacked-on-mobile\" style=\"grid-template-columns:29% auto\"><figure class=\"wp-block-media-text__media\"><img loading=\"lazy\" decoding=\"async\" width=\"600\" height=\"600\" src=\"https:\/\/hsupport.lohelectronics.se\/wp-content\/uploads\/2025\/04\/Fardigkopplat_H-CAN_kit.jpg\" alt=\"\" class=\"wp-image-3369 size-full\"\/><\/figure><div class=\"wp-block-media-text__content\">\n<h3 class=\"wp-block-heading\">F\u00e4rdigkopplat H-CAN kit<\/h3>\n\n\n\n<div class=\"wp-block-buttons is-layout-flex wp-block-buttons-is-layout-flex\">\n<div class=\"wp-block-button is-style-fill\"><a class=\"wp-block-button__link wp-element-button\" href=\"https:\/\/hsupport.lohelectronics.se\/index.php\/docs-category\/fardigkopplat-h-can-kit\/\" target=\"_blank\" rel=\"noreferrer noopener\">G\u00e5 till Anvisning<\/a><\/div>\n<\/div>\n\n\n\n<p><\/p>\n<\/div><\/div>\n\n\n\n<hr class=\"wp-block-separator has-css-opacity\"\/>\n\n\n\n<div class=\"wp-block-media-text alignwide is-stacked-on-mobile\" style=\"grid-template-columns:29% auto\"><figure class=\"wp-block-media-text__media\"><img loading=\"lazy\" decoding=\"async\" width=\"600\" height=\"600\" src=\"https:\/\/hsupport.lohelectronics.se\/wp-content\/uploads\/2025\/05\/Vaxelsparr_sparrplattabild.jpg\" alt=\"\" class=\"wp-image-5063 size-full\"\/><\/figure><div class=\"wp-block-media-text__content\">\n<h3 class=\"wp-block-heading\">V\u00e4xelsp\u00e4rr<\/h3>\n\n\n\n<div class=\"wp-block-buttons is-layout-flex wp-block-buttons-is-layout-flex\">\n<div class=\"wp-block-button is-style-fill\"><a class=\"wp-block-button__link wp-element-button\" href=\"https:\/\/hsupport.lohelectronics.se\/index.php\/docs-category\/vaxelsparr-anvisning\/\" target=\"_blank\" rel=\"noreferrer noopener\">G\u00e5 till Anvisning<\/a><\/div>\n<\/div>\n\n\n\n<p><\/p>\n<\/div><\/div>\n\n\n\n<hr class=\"wp-block-separator has-css-opacity\"\/>\n\n\n\n<div class=\"wp-block-media-text alignwide is-stacked-on-mobile\" style=\"grid-template-columns:22% auto\"><figure class=\"wp-block-media-text__media\"><img loading=\"lazy\" decoding=\"async\" width=\"2998\" height=\"2783\" src=\"https:\/\/hsupport.lohelectronics.se\/wp-content\/uploads\/2022\/10\/H-reg-kit-2022-1.jpg\" alt=\"\" class=\"wp-image-1461 size-full\"\/><\/figure><div class=\"wp-block-media-text__content\">\n<h3 class=\"wp-block-heading\">F\u00e4rdigkopplat H-REG kit till Volvo 740\/940 med Bosch t\u00e4ndsystem<\/h3>\n\n\n\n<div class=\"wp-block-buttons is-layout-flex wp-block-buttons-is-layout-flex\">\n<div class=\"wp-block-button is-style-fill\"><a class=\"wp-block-button__link wp-element-button\" href=\"https:\/\/hsupport.lohelectronics.se\/index.php\/docs\/anvisning-till-fardigkopplat-h-reg-kit-till-volvo-740-940-med-bosch-tandsystem\/\" target=\"_blank\" rel=\"noreferrer noopener\">G\u00e5 till Anvisning<\/a><\/div>\n<\/div>\n\n\n\n<p><\/p>\n<\/div><\/div>\n\n\n\n<hr class=\"wp-block-separator has-css-opacity\"\/>\n\n\n\n<div class=\"wp-block-media-text alignwide is-stacked-on-mobile\" style=\"grid-template-columns:22% auto\"><figure class=\"wp-block-media-text__media\"><img loading=\"lazy\" decoding=\"async\" width=\"600\" height=\"600\" src=\"https:\/\/hsupport.lohelectronics.se\/wp-content\/uploads\/2022\/08\/Kabelsats-Loh-Electronics-1.jpg\" alt=\"\" class=\"wp-image-1187 size-full\"\/><\/figure><div class=\"wp-block-media-text__content\">\n<h3 class=\"wp-block-heading\">Kabelsatser<\/h3>\n\n\n\n<div class=\"wp-block-buttons is-layout-flex wp-block-buttons-is-layout-flex\">\n<div class=\"wp-block-button is-style-fill\"><a class=\"wp-block-button__link wp-element-button\" href=\"https:\/\/hsupport.lohelectronics.se\/index.php\/docs\/anvisning-till-alla-kabelsatser\/\">G\u00e5 till alla manualer<\/a><\/div>\n<\/div>\n\n\n\n<p><\/p>\n<\/div><\/div>\n\n\n\n<hr class=\"wp-block-separator has-css-opacity\"\/>\n\n\n\n<div class=\"wp-block-media-text alignwide is-stacked-on-mobile\" style=\"grid-template-columns:20% auto\"><figure class=\"wp-block-media-text__media\"><img loading=\"lazy\" decoding=\"async\" width=\"800\" height=\"600\" src=\"http:\/\/hsupport.lohelectronics.se\/wp-content\/uploads\/2021\/05\/03_190-1-800x600-2.jpg\" alt=\"\" class=\"wp-image-503 size-full\"\/><\/figure><div class=\"wp-block-media-text__content\">\n<h3 class=\"wp-block-heading\">Elektromagnetiskt rel\u00e4<\/h3>\n\n\n\n<p>Artikelnummer: 03-190<\/p>\n\n\n\n<div class=\"wp-block-buttons is-layout-flex wp-block-buttons-is-layout-flex\">\n<div class=\"wp-block-button is-style-fill\"><a class=\"wp-block-button__link wp-element-button\" href=\"http:\/\/hsupport.lohelectronics.se\/index.php\/docs\/anvisning-elektromagnetiskt-rela-03-190\/\"><strong>G\u00e5 till manual<\/strong><\/a><\/div>\n<\/div>\n<\/div><\/div>\n\n\n\n<hr class=\"wp-block-separator has-css-opacity\"\/>\n\n\n\n<div class=\"wp-block-media-text alignwide is-stacked-on-mobile\" style=\"grid-template-columns:23% auto\"><figure class=\"wp-block-media-text__media\"><img loading=\"lazy\" decoding=\"async\" width=\"800\" height=\"600\" src=\"http:\/\/hsupport.lohelectronics.se\/wp-content\/uploads\/2021\/05\/SSR_25DD_small_KINA-800x600-1.jpg\" alt=\"\" class=\"wp-image-504 size-full\"\/><\/figure><div class=\"wp-block-media-text__content\">\n<h3 class=\"wp-block-heading\">Solid-State rel\u00e4<\/h3>\n\n\n\n<p>Artikelnummer: SSR-25DD<\/p>\n\n\n\n<div class=\"wp-block-buttons is-layout-flex wp-block-buttons-is-layout-flex\">\n<div class=\"wp-block-button is-style-fill\"><a class=\"wp-block-button__link wp-element-button\" href=\"http:\/\/hsupport.lohelectronics.se\/index.php\/docs\/anvisning-solid-state-rela-ssr-25dd\/\"><strong>G\u00e5 till manual<\/strong><\/a><\/div>\n<\/div>\n<\/div><\/div>\n\n\n\n<hr class=\"wp-block-separator has-css-opacity is-style-default\"\/>\n\n\n\n<div class=\"wp-block-media-text alignwide is-stacked-on-mobile\" style=\"grid-template-columns:25% auto\"><figure class=\"wp-block-media-text__media\"><img loading=\"lazy\" decoding=\"async\" width=\"800\" height=\"600\" src=\"https:\/\/hsupport.lohelectronics.se\/wp-content\/uploads\/2025\/02\/03_185-800x600-1.jpg\" alt=\"\" class=\"wp-image-2715 size-full\"\/><\/figure><div class=\"wp-block-media-text__content\">\n<h3 class=\"wp-block-heading\">Induktiv givare<\/h3>\n\n\n\n<p>Artikelnummer: 03-185<\/p>\n\n\n\n<div class=\"wp-block-buttons is-layout-flex wp-block-buttons-is-layout-flex\">\n<div class=\"wp-block-button is-style-fill\"><a class=\"wp-block-button__link wp-element-button\" href=\"http:\/\/hsupport.lohelectronics.se\/index.php\/docs\/anvisning-induktiv-givare-03-185\/\"><strong>G\u00e5 till manual<\/strong><\/a><\/div>\n<\/div>\n<\/div><\/div>\n\n\n\n<hr class=\"wp-block-separator has-css-opacity\"\/>\n\n\n\n<div class=\"wp-block-media-text alignwide is-stacked-on-mobile\" style=\"grid-template-columns:31% auto\"><figure class=\"wp-block-media-text__media\"><img loading=\"lazy\" decoding=\"async\" width=\"800\" height=\"600\" src=\"http:\/\/hsupport.lohelectronics.se\/wp-content\/uploads\/2022\/04\/03_188-800x600-1.jpg\" alt=\"\" class=\"wp-image-1038 size-full\"\/><\/figure><div class=\"wp-block-media-text__content\">\n<h3 class=\"wp-block-heading\">Kabel med vinklad kontakt till induktiv givare<\/h3>\n\n\n\n<p>Artikelnummer: 03-188<\/p>\n\n\n\n<div class=\"wp-block-buttons is-layout-flex wp-block-buttons-is-layout-flex\">\n<div class=\"wp-block-button is-style-fill\"><a class=\"wp-block-button__link wp-element-button\" href=\"http:\/\/hsupport.lohelectronics.se\/index.php\/docs\/anvisning-kabel-till-induktiv-givare-03-188-03-189\/\"><strong>G\u00e5 till manual<\/strong><\/a><\/div>\n<\/div>\n<\/div><\/div>\n\n\n\n<hr class=\"wp-block-separator has-css-opacity\"\/>\n\n\n\n<div class=\"wp-block-media-text alignwide is-stacked-on-mobile\" style=\"grid-template-columns:31% auto\"><figure class=\"wp-block-media-text__media\"><img loading=\"lazy\" decoding=\"async\" width=\"800\" height=\"600\" src=\"https:\/\/hsupport.lohelectronics.se\/wp-content\/uploads\/2025\/02\/4G_GPS_Tracking_device-800x600-1.jpg\" alt=\"\" class=\"wp-image-2717 size-full\"\/><\/figure><div class=\"wp-block-media-text__content\">\n<h3 class=\"wp-block-heading\">LohTrack &#8211; Uppkopplad tracker till fordon inkl. SIM-kort<\/h3>\n\n\n\n<p>Artikelnummer: LohTrack01<\/p>\n\n\n\n<p><strong>Kika in den nya GPS-trackern!<\/strong> Som \u00e4r en perfekt produkt f\u00f6r dig som vill ha stenkoll p\u00e5 dina fordon var du \u00e4n \u00e4r i v\u00e4rlden. Ut\u00f6ver full koll p\u00e5 var fordonet \u00e4r s\u00e5 g\u00e5r det \u00e4ven att s\u00e4tta upp s\u00e5 man f\u00e5r ett meddelande om fordonet g\u00e5r f\u00f6r fort. (Perfekt f\u00f6r en f\u00f6r\u00e4lder).<\/p>\n\n\n\n<div class=\"wp-block-buttons is-layout-flex wp-block-buttons-is-layout-flex\">\n<div class=\"wp-block-button is-style-fill\"><a class=\"wp-block-button__link wp-element-button\" href=\"https:\/\/www.lohelectronics.se\/bilelektronik\/varvtalsregulatorer\/gps-tracker-1512\/lohtrack-uppkopplad-tracker-till-a-traktor\" target=\"_blank\" rel=\"noreferrer noopener\"><strong>L\u00e4s mer<\/strong><\/a><\/div>\n<\/div>\n<\/div><\/div>\n","protected":false},"excerpt":{"rendered":"","protected":false},"author":4,"featured_media":0,"parent":0,"menu_order":0,"comment_status":"closed","ping_status":"closed","template":"","meta":{"_monsterinsights_skip_tracking":false,"_monsterinsights_sitenote_active":false,"_monsterinsights_sitenote_note":"","_monsterinsights_sitenote_category":0,"footnotes":""},"class_list":["post-486","page","type-page","status-publish","hentry"],"_links":{"self":[{"href":"https:\/\/hsupport.lohelectronics.se\/index.php\/wp-json\/wp\/v2\/pages\/486","targetHints":{"allow":["GET"]}}],"collection":[{"href":"https:\/\/hsupport.lohelectronics.se\/index.php\/wp-json\/wp\/v2\/pages"}],"about":[{"href":"https:\/\/hsupport.lohelectronics.se\/index.php\/wp-json\/wp\/v2\/types\/page"}],"author":[{"embeddable":true,"href":"https:\/\/hsupport.lohelectronics.se\/index.php\/wp-json\/wp\/v2\/users\/4"}],"replies":[{"embeddable":true,"href":"https:\/\/hsupport.lohelectronics.se\/index.php\/wp-json\/wp\/v2\/comments?post=486"}],"version-history":[{"count":203,"href":"https:\/\/hsupport.lohelectronics.se\/index.php\/wp-json\/wp\/v2\/pages\/486\/revisions"}],"predecessor-version":[{"id":13089,"href":"https:\/\/hsupport.lohelectronics.se\/index.php\/wp-json\/wp\/v2\/pages\/486\/revisions\/13089"}],"wp:attachment":[{"href":"https:\/\/hsupport.lohelectronics.se\/index.php\/wp-json\/wp\/v2\/media?parent=486"}],"curies":[{"name":"wp","href":"https:\/\/api.w.org\/{rel}","templated":true}]}}